{"id":17173,"date":"2019-01-05T12:57:10","date_gmt":"2019-01-05T05:57:10","guid":{"rendered":"https:\/\/birchprime.rs\/shop\/cras-isum-default\/"},"modified":"2026-02-27T13:33:03","modified_gmt":"2026-02-27T12:33:03","slug":"laminirana-hrapava-oplata","status":"publish","type":"product","link":"https:\/\/birchprime.rs\/index.php\/product\/laminirana-hrapava-oplata\/","title":{"rendered":"LAMINIRANA HRAPAVA OPLATA &#8211; FWD1"},"content":{"rendered":"<p><strong>Vodootporno lepljenje<\/strong> u skladu sa <em>EN 314-2\/Klasa 3<\/em> Eksterijer (za unutra\u0161nju i spolja\u0161nju upotrebu).\u2028Breza ispunjava zahteve <em>EN 13986 klase E1<\/em> (niske emisije formaldehida).\u2028Na zahtev, proizvodi se mogu izraditi u skladu sa zahtevima <em>TSCA Title VI<\/em>.<\/p>\n<p><strong>Prednja strana:<\/strong> film impregniran fenol-formaldehidnom smolom sa mat teksturom, tamno braon.\u2028Zadnja strana: gladak film impregniran fenol-formaldehidnom smolom.\u2028Za\u0161tita ivica: vodootporna akrilna boja.\u2028Gustina premaza: 120 ili 220 g\/m\u00b2.<\/p>\n<p><strong>Tolerancije dimenzija (du\u017eina\/\u0161irina):<\/strong><\/p>\n<ul>\n<li>1000 mm \/ \u00b1 1 mm<\/li>\n<li>1000\u20132000 mm \/ \u00b1 2 mm<\/li>\n<li>2000\u20132500 mm \/ \u00b1 3 mm<\/li>\n<\/ul>\n<p>Tolerancija pravougaonosti: \u00b1 1 mm \/ 1000 mm<\/p>\n<p><strong>Performanse povr\u0161ine panela<\/strong><br \/>\nTest valjanja (SSP25302): 1750 ciklusa +35% ciklusa<br \/>\nTaber test (Taber, DIN 53799): 320 (gustina premaza 120 g\/m\u00b2) ili 570 (gustina premaza 220 g\/m\u00b2), u zavisnosti od debljine premaza.<\/p>\n<p><strong>\u017divotna sredina:<\/strong><br \/>\nNa\u0161i kupci mogu biti sigurni da su na\u0161e furniri i \u0161perplo\u010de proizvedene od kontrolisanih drvnih resursa.<\/p>\n<table>\n<tbody>\n<tr>\n<td colspan=\"2\" width=\"193\"><\/td>\n<td width=\"85\"><strong><b>6.5mm<\/b><\/strong><\/td>\n<td width=\"85\"><strong><b>9mm<\/b><\/strong><\/td>\n<td width=\"85\"><strong><b>12mm<\/b><\/strong><\/td>\n<td width=\"85\"><strong><b>15mm<\/b><\/strong><\/td>\n<td width=\"85\"><strong><b>18mm<\/b><\/strong><\/td>\n<td width=\"85\"><strong><b>21mm<\/b><\/strong><\/td>\n<td width=\"85\"><strong><b>24mm<\/b><\/strong><\/td>\n<td width=\"85\"><strong><b>27mm<\/b><\/strong><\/td>\n<td width=\"85\"><strong><b>30mm<\/b><\/strong><\/td>\n<\/tr>\n<tr>\n<td rowspan=\"2\" width=\"108\"><strong><b>1250&#215;2500<\/b><\/strong><\/p>\n<p><strong><b>(<\/b><\/strong><strong><b>3.125m<\/b><\/strong><strong><sup><b>2<\/b><\/sup><\/strong><strong><b>)<\/b><\/strong><\/td>\n<td width=\"85\">\n<p style=\"text-align: center;\"><em>Br.komada u m<sup>3<\/sup><\/em><\/p>\n<\/td>\n<td width=\"85\">49.26<\/td>\n<td width=\"85\">35,58<\/td>\n<td width=\"85\">26,66<\/td>\n<td width=\"85\">21,36<\/td>\n<td width=\"85\">17,79<\/td>\n<td width=\"85\">15,24<\/td>\n<td width=\"85\">13,33<\/td>\n<td width=\"85\">11,86<\/td>\n<td width=\"85\">10,67<\/td>\n<\/tr>\n<tr>\n<td width=\"85\">\n<p style=\"text-align: center;\"><em>m<sup>3<\/sup><sup>\u00a0<\/sup>sadr\u017ei m<sup>2<\/sup><\/em><\/p>\n<\/td>\n<td width=\"85\">153,93<\/td>\n<td width=\"85\">111,18<\/td>\n<td width=\"85\">83,31<\/td>\n<td width=\"85\">66,75<\/td>\n<td width=\"85\">55,59<\/td>\n<td width=\"85\">47,625<\/td>\n<td width=\"85\">41,65<\/td>\n<td width=\"85\">37<\/td>\n<td width=\"85\">33,34<\/td>\n<\/tr>\n<tr>\n<td rowspan=\"2\" width=\"108\"><strong><b>625&#215;2500<\/b><\/strong><\/p>\n<p><strong><b>(1.562<\/b><\/strong><strong><b>m<\/b><\/strong><strong><sup><b>2<\/b><\/sup><\/strong><strong><b>)<\/b><\/strong><\/td>\n<td width=\"85\">\n<p style=\"text-align: center;\"><em>Br.komada u m<sup>3<\/sup><\/em><\/p>\n<\/td>\n<td width=\"85\">98,52<\/td>\n<td width=\"85\">71.16<\/td>\n<td width=\"85\">53,32<\/td>\n<td width=\"85\">42,72<\/td>\n<td width=\"85\">35.58<\/td>\n<td width=\"85\">30,48<\/td>\n<td width=\"85\">26,66<\/td>\n<td width=\"85\">23,72<\/td>\n<td width=\"85\">21,34<\/td>\n<\/tr>\n<tr>\n<td width=\"85\">\n<p style=\"text-align: center;\"><em>m<sup>3<\/sup><sup>\u00a0<\/sup>sadr\u017ei m<sup>2<\/sup><\/em><\/p>\n<\/td>\n<td width=\"85\">154,63<\/td>\n<td width=\"85\">111,55<\/td>\n<td width=\"85\">83,52<\/td>\n<td width=\"85\">66,74<\/td>\n<td width=\"85\">55,57<\/td>\n<td width=\"85\">47,60<\/td>\n<td width=\"85\">41,75<\/td>\n<td width=\"85\">37,09<\/td>\n<td width=\"85\">33,36<\/td>\n<\/tr>\n<\/tbody>\n<\/table>\n<table>\n<tbody>\n<tr>\n<td><strong><b>Nominalna debljina (mm)<\/b><\/strong><\/td>\n<td><strong><b>Broj slojeva<\/b><\/strong><\/td>\n<td><strong><b>Debljina Min. (mm)<\/b><\/strong><\/td>\n<td><strong><b>Debljina Max. (mm)<\/b><\/strong><\/td>\n<td><strong><b>Te\u017eina (kg\/m2)<\/b><\/strong><\/td>\n<td><strong><b>Maks. du\u017eina plo\u010de Min. (mm)<\/b><\/strong><\/td>\n<td><strong><b>Maks. du\u017eina plo\u010de Min. (mm)<\/b><\/strong><\/td>\n<\/tr>\n<tr>\n<td><strong><b>9<\/b><\/strong><\/td>\n<td>7<\/td>\n<td>8,8<\/td>\n<td>9,5<\/td>\n<td>6,1<\/td>\n<td>8,3<\/td>\n<td>9,1<\/td>\n<\/tr>\n<tr>\n<td><strong><b>12<\/b><\/strong><\/td>\n<td>9<\/td>\n<td>11,5<\/td>\n<td>12,5<\/td>\n<td>8,2<\/td>\n<td>11,0<\/td>\n<td>12<\/td>\n<\/tr>\n<tr>\n<td><strong><b>15<\/b><\/strong><\/td>\n<td>11<\/td>\n<td>14,3<\/td>\n<td>15,3<\/td>\n<td>10,2<\/td>\n<td>13,8<\/td>\n<td>14,8<\/td>\n<\/tr>\n<tr>\n<td><strong><b>18<\/b><\/strong><\/td>\n<td>13<\/td>\n<td>17,1<\/td>\n<td>18,1<\/td>\n<td>12,2<\/td>\n<td>16,6<\/td>\n<td>17,6<\/td>\n<\/tr>\n<tr>\n<td><strong><b>21<\/b><\/strong><\/td>\n<td>15<\/td>\n<td>20<\/td>\n<td>20,9<\/td>\n<td>14,3<\/td>\n<td>19,5<\/td>\n<td>20,5<\/td>\n<\/tr>\n<tr>\n<td><strong><b>24<\/b><\/strong><\/td>\n<td>17<\/td>\n<td>22,9<\/td>\n<td>23,7<\/td>\n<td>16,3<\/td>\n<td>22,3<\/td>\n<td>23,3<\/td>\n<\/tr>\n<tr>\n<td><strong><b>27<\/b><\/strong><\/td>\n<td>19<\/td>\n<td>25,2<\/td>\n<td>26,8<\/td>\n<td>18,4<\/td>\n<td>24,7<\/td>\n<td>26,3<\/td>\n<\/tr>\n<tr>\n<td><strong><b>28<\/b><\/strong><\/td>\n<td>20<\/td>\n<td>26,6<\/td>\n<td>28,2<\/td>\n<td>19,4<\/td>\n<td>&#8211;<\/td>\n<td>&#8211;<\/td>\n<\/tr>\n<tr>\n<td><strong><b>30<\/b><\/strong><\/td>\n<td>21<\/td>\n<td>28,1<\/td>\n<td>29,9<\/td>\n<td>20,4<\/td>\n<td>&#8211;<\/td>\n<td>&#8211;<\/td>\n<\/tr>\n<\/tbody>\n<\/table>\n","protected":false},"excerpt":{"rendered":"<p data-path-to-node=\"7\">Ova plo\u010da ima jednu stranu glatku, dok je druga strana (licna) utisnuta sa teksturama, obi\u010dno u obliku mre\u017ee ili sitnih granulacija (<b data-path-to-node=\"7\" data-index-in-node=\"133\">Wiremesh<\/b>).<\/p>\n<p data-path-to-node=\"7\"><b data-path-to-node=\"8,0,0\" data-index-in-node=\"0\">\u0160ta je izdvaja:<\/b> Klju\u010dna karakteristika je <b data-path-to-node=\"8,0,0\" data-index-in-node=\"42\">protivklizna povr\u0161ina<\/b>. Iako je laminirana i za\u0161ti\u0107ena kao i glatka oplata, njena tekstura spre\u010dava proklizavanje \u010dak i u vla\u017enim uslovima.<\/p>\n<p data-path-to-node=\"7\"><b data-path-to-node=\"8,1,0\" data-index-in-node=\"0\">Za \u0161ta je dobra:<\/b> Primarno se koristi za <b data-path-to-node=\"8,1,0\" data-index-in-node=\"40\">podove i platforme<\/b>. Odli\u010dna je za izradu podova u kamionima, prikolicama, na skelama, binama ili industrijskim platformama gde je bezbednost kretanja prioritet.<\/p>\n<p data-path-to-node=\"3\">Tehni\u010dki list proizvoda:<\/p>\n<p data-path-to-node=\"3\"><a href=\"https:\/\/birchprime.rs\/wp-content\/uploads\/2026\/02\/LAMINIRANA-PLOCA-SA-MAT-TEKSTUROM.pdf\" target=\"_blank\" rel=\"noopener\"><img loading=\"lazy\" decoding=\"async\" class=\"alignleft wp-image-17521\" src=\"https:\/\/birchprime.rs\/wp-content\/uploads\/2019\/01\/pdfbtn.png\" alt=\"\" width=\"100\" height=\"33\" srcset=\"https:\/\/birchprime.rs\/wp-content\/uploads\/2019\/01\/pdfbtn.png 300w, https:\/\/birchprime.rs\/wp-content\/uploads\/2019\/01\/pdfbtn-18x6.png 18w\" sizes=\"auto, (max-width: 100px) 100vw, 100px\" \/><\/a><\/p>\n","protected":false},"featured_media":17497,"template":"","meta":[],"product_brand":[104],"product_cat":[15],"product_tag":[],"class_list":{"0":"post-17173","1":"product","2":"type-product","3":"status-publish","4":"has-post-thumbnail","6":"product_brand-birch-prime","7":"product_cat-birch-prime","9":"first","10":"instock","11":"featured","12":"shipping-taxable","13":"purchasable","14":"product-type-variable"},"_links":{"self":[{"href":"https:\/\/birchprime.rs\/index.php\/wp-json\/wp\/v2\/product\/17173","targetHints":{"allow":["GET"]}}],"collection":[{"href":"https:\/\/birchprime.rs\/index.php\/wp-json\/wp\/v2\/product"}],"about":[{"href":"https:\/\/birchprime.rs\/index.php\/wp-json\/wp\/v2\/types\/product"}],"wp:featuredmedia":[{"embeddable":true,"href":"https:\/\/birchprime.rs\/index.php\/wp-json\/wp\/v2\/media\/17497"}],"wp:attachment":[{"href":"https:\/\/birchprime.rs\/index.php\/wp-json\/wp\/v2\/media?parent=17173"}],"wp:term":[{"taxonomy":"product_brand","embeddable":true,"href":"https:\/\/birchprime.rs\/index.php\/wp-json\/wp\/v2\/product_brand?post=17173"},{"taxonomy":"product_cat","embeddable":true,"href":"https:\/\/birchprime.rs\/index.php\/wp-json\/wp\/v2\/product_cat?post=17173"},{"taxonomy":"product_tag","embeddable":true,"href":"https:\/\/birchprime.rs\/index.php\/wp-json\/wp\/v2\/product_tag?post=17173"}],"curies":[{"name":"wp","href":"https:\/\/api.w.org\/{rel}","templated":true}]}}